{"id":1862,"date":"2024-06-08T06:54:39","date_gmt":"2024-06-08T05:54:39","guid":{"rendered":"https:\/\/strausspartner.com\/om-strauss-partnere\/"},"modified":"2024-06-09T12:07:06","modified_gmt":"2024-06-09T11:07:06","slug":"om-strauss-partnere","status":"publish","type":"page","link":"https:\/\/strausspartner.com\/fo\/om-strauss-partnere\/","title":{"rendered":"Om Strauss &amp; Partnere"},"content":{"rendered":"<p>[et_pb_section fb_built=&#8221;1&#8243; _builder_version=&#8221;4.25.1&#8243; _module_preset=&#8221;default&#8221; global_colors_info=&#8221;{}&#8221;][et_pb_row column_structure=&#8221;1_2,1_2&#8243; _builder_version=&#8221;4.25.1&#8243; _module_preset=&#8221;default&#8221; global_colors_info=&#8221;{}&#8221;][et_pb_column type=&#8221;1_2&#8243; _builder_version=&#8221;4.25.1&#8243; _module_preset=&#8221;default&#8221; global_colors_info=&#8221;{}&#8221;][et_pb_text _builder_version=&#8221;4.25.1&#8243; _module_preset=&#8221;default&#8221; custom_margin=&#8221;||15vh||false|false&#8221; global_colors_info=&#8221;{}&#8221;]<\/p>\n<h1>Om Strauss &amp; Partnere<\/h1>\n<p>I Strauss &amp; Partnere har vi fokus p\u00e5, internationale fagmesser som afs\u00e6t for din virksomheds ekspansion. Vi repr\u00e6senterer en portef\u00f8lje p\u00e5 mange af verdens f\u00f8rende internationale fagmesser, og vi kender de fleste af verdens 59 messeorganisationer. Det giver os en opdateret ballast, vi kan oms\u00e6tte for dig, p\u00e5 en fagmesse et eller andet sted i verden.<\/p>\n<p>At udstille p\u00e5 en verdensledende fagmesse, giver dig som virksomhedsejer- \/ leder muligheden for at kalkulere din ekspansion p\u00e5 eksportmarkederne, forud for aktiviteten, idet du ved pr\u00e6cist, hvad din indsats kommer til at koste. Kunsten er at g\u00f8re interessante samarbejdspartnere\/indk\u00f8bere opm\u00e6rksom p\u00e5, at du er til stede.<br \/>Lad os sammen vurdere dine behov.<\/p>\n<p>[\/et_pb_text][\/et_pb_column][et_pb_column type=&#8221;1_2&#8243; _builder_version=&#8221;4.25.1&#8243; _module_preset=&#8221;default&#8221; global_colors_info=&#8221;{}&#8221;][\/et_pb_column][\/et_pb_row][\/et_pb_section]<\/p>\n","protected":false},"excerpt":{"rendered":"<p>Om Strauss &amp; Partnere I Strauss &amp; Partnere har vi fokus p\u00e5, internationale fagmesser som afs\u00e6t for din virksomheds ekspansion. Vi repr\u00e6senterer en portef\u00f8lje p\u00e5 mange af verdens f\u00f8rende internationale fagmesser, og vi kender de fleste af verdens 59 messeorganisationer. Det giver os en opdateret ballast, vi kan oms\u00e6tte for dig, p\u00e5 en fagmesse et [&hellip;]<\/p>\n","protected":false},"author":5,"featured_media":0,"parent":0,"menu_order":0,"comment_status":"closed","ping_status":"closed","template":"","meta":{"_et_pb_use_builder":"on","_et_pb_old_content":"","_et_gb_content_width":"","footnotes":""},"class_list":["post-1862","page","type-page","status-publish","hentry"],"yoast_head":"<!-- This site is optimized with the Yoast SEO plugin v27.4 - https:\/\/yoast.com\/product\/yoast-seo-wordpress\/ -->\n<title>Om Strauss &amp; Partnere - Strausspartner<\/title>\n<meta name=\"robots\" content=\"index, follow, max-snippet:-1, max-image-preview:large, max-video-preview:-1\" \/>\n<link rel=\"canonical\" href=\"https:\/\/strausspartner.com\/fo\/om-strauss-partnere\/\" \/>\n<meta property=\"og:locale\" content=\"fo_FO\" \/>\n<meta property=\"og:type\" content=\"article\" \/>\n<meta property=\"og:title\" content=\"Om Strauss &amp; Partnere - Strausspartner\" \/>\n<meta property=\"og:description\" content=\"Om Strauss &amp; Partnere I Strauss &amp; Partnere har vi fokus p\u00e5, internationale fagmesser som afs\u00e6t for din virksomheds ekspansion. Vi repr\u00e6senterer en portef\u00f8lje p\u00e5 mange af verdens f\u00f8rende internationale fagmesser, og vi kender de fleste af verdens 59 messeorganisationer. Det giver os en opdateret ballast, vi kan oms\u00e6tte for dig, p\u00e5 en fagmesse et [&hellip;]\" \/>\n<meta property=\"og:url\" content=\"https:\/\/strausspartner.com\/fo\/om-strauss-partnere\/\" \/>\n<meta property=\"og:site_name\" content=\"Strausspartner\" \/>\n<meta property=\"article:modified_time\" content=\"2024-06-09T11:07:06+00:00\" \/>\n<meta name=\"twitter:card\" content=\"summary_large_image\" \/>\n<meta name=\"twitter:label1\" content=\"Est. reading time\" \/>\n\t<meta name=\"twitter:data1\" content=\"1 minute\" \/>\n<script type=\"application\/ld+json\" class=\"yoast-schema-graph\">{\"@context\":\"https:\\\/\\\/schema.org\",\"@graph\":[{\"@type\":\"WebPage\",\"@id\":\"https:\\\/\\\/strausspartner.com\\\/fo\\\/om-strauss-partnere\\\/\",\"url\":\"https:\\\/\\\/strausspartner.com\\\/fo\\\/om-strauss-partnere\\\/\",\"name\":\"Om Strauss &amp; Partnere - Strausspartner\",\"isPartOf\":{\"@id\":\"https:\\\/\\\/strausspartner.com\\\/fo\\\/#website\"},\"datePublished\":\"2024-06-08T05:54:39+00:00\",\"dateModified\":\"2024-06-09T11:07:06+00:00\",\"breadcrumb\":{\"@id\":\"https:\\\/\\\/strausspartner.com\\\/fo\\\/om-strauss-partnere\\\/#breadcrumb\"},\"inLanguage\":\"fo-FO\",\"potentialAction\":[{\"@type\":\"ReadAction\",\"target\":[\"https:\\\/\\\/strausspartner.com\\\/fo\\\/om-strauss-partnere\\\/\"]}]},{\"@type\":\"BreadcrumbList\",\"@id\":\"https:\\\/\\\/strausspartner.com\\\/fo\\\/om-strauss-partnere\\\/#breadcrumb\",\"itemListElement\":[{\"@type\":\"ListItem\",\"position\":1,\"name\":\"Home\",\"item\":\"https:\\\/\\\/strausspartner.com\\\/fo\\\/\"},{\"@type\":\"ListItem\",\"position\":2,\"name\":\"Om Strauss &amp; Partnere\"}]},{\"@type\":\"WebSite\",\"@id\":\"https:\\\/\\\/strausspartner.com\\\/fo\\\/#website\",\"url\":\"https:\\\/\\\/strausspartner.com\\\/fo\\\/\",\"name\":\"Strausspartner\",\"description\":\"\",\"potentialAction\":[{\"@type\":\"SearchAction\",\"target\":{\"@type\":\"EntryPoint\",\"urlTemplate\":\"https:\\\/\\\/strausspartner.com\\\/fo\\\/?s={search_term_string}\"},\"query-input\":{\"@type\":\"PropertyValueSpecification\",\"valueRequired\":true,\"valueName\":\"search_term_string\"}}],\"inLanguage\":\"fo-FO\"}]}<\/script>\n<!-- \/ Yoast SEO plugin. -->","yoast_head_json":{"title":"Om Strauss &amp; Partnere - Strausspartner","robots":{"index":"index","follow":"follow","max-snippet":"max-snippet:-1","max-image-preview":"max-image-preview:large","max-video-preview":"max-video-preview:-1"},"canonical":"https:\/\/strausspartner.com\/fo\/om-strauss-partnere\/","og_locale":"fo_FO","og_type":"article","og_title":"Om Strauss &amp; Partnere - Strausspartner","og_description":"Om Strauss &amp; Partnere I Strauss &amp; Partnere har vi fokus p\u00e5, internationale fagmesser som afs\u00e6t for din virksomheds ekspansion. Vi repr\u00e6senterer en portef\u00f8lje p\u00e5 mange af verdens f\u00f8rende internationale fagmesser, og vi kender de fleste af verdens 59 messeorganisationer. Det giver os en opdateret ballast, vi kan oms\u00e6tte for dig, p\u00e5 en fagmesse et [&hellip;]","og_url":"https:\/\/strausspartner.com\/fo\/om-strauss-partnere\/","og_site_name":"Strausspartner","article_modified_time":"2024-06-09T11:07:06+00:00","twitter_card":"summary_large_image","twitter_misc":{"Est. reading time":"1 minute"},"schema":{"@context":"https:\/\/schema.org","@graph":[{"@type":"WebPage","@id":"https:\/\/strausspartner.com\/fo\/om-strauss-partnere\/","url":"https:\/\/strausspartner.com\/fo\/om-strauss-partnere\/","name":"Om Strauss &amp; Partnere - Strausspartner","isPartOf":{"@id":"https:\/\/strausspartner.com\/fo\/#website"},"datePublished":"2024-06-08T05:54:39+00:00","dateModified":"2024-06-09T11:07:06+00:00","breadcrumb":{"@id":"https:\/\/strausspartner.com\/fo\/om-strauss-partnere\/#breadcrumb"},"inLanguage":"fo-FO","potentialAction":[{"@type":"ReadAction","target":["https:\/\/strausspartner.com\/fo\/om-strauss-partnere\/"]}]},{"@type":"BreadcrumbList","@id":"https:\/\/strausspartner.com\/fo\/om-strauss-partnere\/#breadcrumb","itemListElement":[{"@type":"ListItem","position":1,"name":"Home","item":"https:\/\/strausspartner.com\/fo\/"},{"@type":"ListItem","position":2,"name":"Om Strauss &amp; Partnere"}]},{"@type":"WebSite","@id":"https:\/\/strausspartner.com\/fo\/#website","url":"https:\/\/strausspartner.com\/fo\/","name":"Strausspartner","description":"","potentialAction":[{"@type":"SearchAction","target":{"@type":"EntryPoint","urlTemplate":"https:\/\/strausspartner.com\/fo\/?s={search_term_string}"},"query-input":{"@type":"PropertyValueSpecification","valueRequired":true,"valueName":"search_term_string"}}],"inLanguage":"fo-FO"}]}},"_links":{"self":[{"href":"https:\/\/strausspartner.com\/fo\/wp-json\/wp\/v2\/pages\/1862","targetHints":{"allow":["GET"]}}],"collection":[{"href":"https:\/\/strausspartner.com\/fo\/wp-json\/wp\/v2\/pages"}],"about":[{"href":"https:\/\/strausspartner.com\/fo\/wp-json\/wp\/v2\/types\/page"}],"author":[{"embeddable":true,"href":"https:\/\/strausspartner.com\/fo\/wp-json\/wp\/v2\/users\/5"}],"replies":[{"embeddable":true,"href":"https:\/\/strausspartner.com\/fo\/wp-json\/wp\/v2\/comments?post=1862"}],"version-history":[{"count":5,"href":"https:\/\/strausspartner.com\/fo\/wp-json\/wp\/v2\/pages\/1862\/revisions"}],"predecessor-version":[{"id":2228,"href":"https:\/\/strausspartner.com\/fo\/wp-json\/wp\/v2\/pages\/1862\/revisions\/2228"}],"wp:attachment":[{"href":"https:\/\/strausspartner.com\/fo\/wp-json\/wp\/v2\/media?parent=1862"}],"curies":[{"name":"wp","href":"https:\/\/api.w.org\/{rel}","templated":true}]}}