{"id":1785,"date":"2019-07-30T06:24:51","date_gmt":"2019-07-30T05:24:51","guid":{"rendered":"https:\/\/strausspartner.com\/strauss-partnere\/"},"modified":"2024-06-09T12:41:54","modified_gmt":"2024-06-09T11:41:54","slug":"strauss-partnere","status":"publish","type":"page","link":"https:\/\/strausspartner.com\/is\/","title":{"rendered":"Strauss Partnere"},"content":{"rendered":"<p>[et_pb_section fb_built=&#8220;1&#8243; fullwidth=&#8220;on&#8220; _builder_version=&#8220;4.16&#8243; background_image=&#8220;http:\/\/strausspartner.com\/wp-content\/uploads\/2019\/10\/h_C3_A5ndtryk_4f2e0c13aafc90323ffbbea9c58ade95.jpg&#8220; custom_margin=&#8220;0px|0px|0px|0px|false|false&#8220; custom_padding=&#8220;0px|0px|0px|0px|false|false&#8220; global_colors_info=&#8220;{}&#8220;][et_pb_fullwidth_slider show_arrows=&#8220;off&#8220; show_pagination=&#8220;off&#8220; _builder_version=&#8220;4.25.1&#8243; background_color=&#8220;#ffffff&#8220; height=&#8220;400px&#8220; height_tablet=&#8220;&#8220; height_phone=&#8220;&#8220; height_last_edited=&#8220;on|phone&#8220; custom_margin=&#8220;||||false|false&#8220; auto=&#8220;on&#8220; auto_speed=&#8220;3000&#8243; auto_ignore_hover=&#8220;on&#8220; global_colors_info=&#8220;{}&#8220;][et_pb_slide _builder_version=&#8220;4.25.1&#8243; background_enable_color=&#8220;off&#8220; background_image=&#8220;http:\/\/strausspartner.com\/wp-content\/uploads\/2019\/10\/h_C3_A5ndtryk_4f2e0c13aafc90323ffbbea9c58ade95.jpg&#8220; background_enable_image=&#8220;on&#8220; width=&#8220;100%&#8220; background_last_edited=&#8220;on|phone&#8220; global_colors_info=&#8220;{}&#8220; sticky_transition=&#8220;on&#8220;][\/et_pb_slide][et_pb_slide _builder_version=&#8220;4.25.1&#8243; background_color=&#8220;#000000&#8243; background_enable_color=&#8220;on&#8220; background_image=&#8220;http:\/\/strausspartner.com\/wp-content\/uploads\/2019\/10\/vigtig-brik-IS_Tegnebr\u00e6t-1.png&#8220; background_enable_image=&#8220;on&#8220; background_size=&#8220;contain&#8220; background_last_edited=&#8220;on|desktop&#8220; background_size_tablet=&#8220;cover&#8220; global_colors_info=&#8220;{}&#8220; sticky_transition=&#8220;on&#8220;][\/et_pb_slide][et_pb_slide _builder_version=&#8220;4.25.1&#8243; background_enable_color=&#8220;off&#8220; background_image=&#8220;http:\/\/strausspartner.com\/wp-content\/uploads\/2019\/10\/underskrift-e1566983375807_12ff0b1da0e79cd90a17521b25d083f3.jpg&#8220; background_enable_image=&#8220;on&#8220; global_colors_info=&#8220;{}&#8220; sticky_transition=&#8220;on&#8220;][\/et_pb_slide][\/et_pb_fullwidth_slider][\/et_pb_section][et_pb_section fb_built=&#8220;1&#8243; _builder_version=&#8220;4.16&#8243; global_colors_info=&#8220;{}&#8220;][et_pb_row _builder_version=&#8220;4.16&#8243; global_colors_info=&#8220;{}&#8220;][et_pb_column type=&#8220;4_4&#8243; _builder_version=&#8220;4.16&#8243; global_colors_info=&#8220;{}&#8220;][et_pb_text _builder_version=&#8220;4.25.1&#8243; text_orientation=&#8220;center&#8220; custom_margin=&#8220;0px|0px|0px|0px|false|false&#8220; custom_padding=&#8220;0px|0px|0px|0px|false|false&#8220; global_colors_info=&#8220;{}&#8220;]<\/p>\n<h1>Al\u00fej\u00f3\u00f0legar kaupstefnur.<\/h1>\n<h2>Mikill \u00e1vinningur fyrir l\u00e1gmarks framleg\u00f0.<\/h2>\n<p>[\/et_pb_text][\/et_pb_column][\/et_pb_row][et_pb_row column_structure=&#8220;1_4,1_4,1_4,1_4&#8243; _builder_version=&#8220;4.25.1&#8243; _module_preset=&#8220;default&#8220; hover_enabled=&#8220;0&#8243; global_colors_info=&#8220;{}&#8220; sticky_enabled=&#8220;0&#8243;][et_pb_column type=&#8220;1_4&#8243; _builder_version=&#8220;4.25.1&#8243; _module_preset=&#8220;default&#8220; background_color=&#8220;#004a99&#8243; custom_padding=&#8220;25px|25px|25px|25px|false|false&#8220; global_colors_info=&#8220;{}&#8220;][et_pb_image src=&#8220;http:\/\/strausspartner.com\/wp-content\/uploads\/2024\/06\/Ebene_2-1.png&#8220; title_text=&#8220;Ebene_2&#8243; url=&#8220;https:\/\/strausspartner.com\/is\/deutsche-messe\/&#8220; align=&#8220;center&#8220; force_fullwidth=&#8220;on&#8220; _builder_version=&#8220;4.25.1&#8243; _module_preset=&#8220;default&#8220; global_colors_info=&#8220;{}&#8220;][\/et_pb_image][\/et_pb_column][et_pb_column type=&#8220;1_4&#8243; _builder_version=&#8220;4.25.1&#8243; _module_preset=&#8220;default&#8220; background_color=&#8220;#ffed01&#8243; custom_padding=&#8220;25px|25px|25px|25px|false|false&#8220; global_colors_info=&#8220;{}&#8220;][et_pb_image src=&#8220;http:\/\/strausspartner.com\/wp-content\/uploads\/2024\/06\/group-MC0.png&#8220; title_text=&#8220;group-MC0&#8243; url=&#8220;https:\/\/strausspartner.com\/is\/landesmesse-stuttgart\/&#8220; align=&#8220;center&#8220; force_fullwidth=&#8220;on&#8220; _builder_version=&#8220;4.25.1&#8243; _module_preset=&#8220;default&#8220; global_colors_info=&#8220;{}&#8220;][\/et_pb_image][\/et_pb_column][et_pb_column type=&#8220;1_4&#8243; _builder_version=&#8220;4.25.1&#8243; _module_preset=&#8220;default&#8220; background_color=&#8220;#37fc22&#8243; custom_padding=&#8220;25px|25px|25px|25px|false|false&#8220; hover_enabled=&#8220;0&#8243; global_colors_info=&#8220;{}&#8220; disabled_on=&#8220;on|on|on&#8220; disabled=&#8220;on&#8220; sticky_enabled=&#8220;0&#8243;][et_pb_image src=&#8220;http:\/\/strausspartner.com\/wp-content\/uploads\/2024\/06\/IFA-Logo-2.png&#8220; title_text=&#8220;IFA-Logo&#8220; url=&#8220;https:\/\/strausspartner.com\/is\/ifa\/&#8220; align=&#8220;center&#8220; force_fullwidth=&#8220;on&#8220; _builder_version=&#8220;4.25.1&#8243; _module_preset=&#8220;default&#8220; global_colors_info=&#8220;{}&#8220;][\/et_pb_image][\/et_pb_column][et_pb_column type=&#8220;1_4&#8243; _builder_version=&#8220;4.25.1&#8243; _module_preset=&#8220;default&#8220; background_color=&#8220;#f4f4f4&#8243; custom_padding=&#8220;25px|25px|25px|25px|false|false&#8220; hover_enabled=&#8220;0&#8243; global_colors_info=&#8220;{}&#8220; disabled_on=&#8220;on|on|on&#8220; disabled=&#8220;on&#8220; sticky_enabled=&#8220;0&#8243;][et_pb_image src=&#8220;http:\/\/strausspartner.com\/wp-content\/uploads\/2024\/06\/Symbols.png&#8220; title_text=&#8220;Symbols&#8220; url=&#8220;https:\/\/strausspartner.com\/is\/spielwarenmesse\/&#8220; align=&#8220;center&#8220; force_fullwidth=&#8220;on&#8220; _builder_version=&#8220;4.25.1&#8243; _module_preset=&#8220;default&#8220; global_colors_info=&#8220;{}&#8220;][\/et_pb_image][\/et_pb_column][\/et_pb_row][\/et_pb_section][et_pb_section fb_built=&#8220;1&#8243; _builder_version=&#8220;4.25.1&#8243; _module_preset=&#8220;default&#8220; z_index=&#8220;500&#8243; global_colors_info=&#8220;{}&#8220;][et_pb_row _builder_version=&#8220;4.25.1&#8243; z_index=&#8220;500&#8243; custom_margin=&#8220;||||false|false&#8220; animation_style=&#8220;slide&#8220; animation_direction=&#8220;bottom&#8220; global_colors_info=&#8220;{}&#8220;][et_pb_column type=&#8220;4_4&#8243; _builder_version=&#8220;4.16&#8243; global_colors_info=&#8220;{}&#8220;][et_pb_image src=&#8220;http:\/\/strausspartner.com\/wp-content\/uploads\/2019\/10\/Strauss-logo-2019-1-1.png&#8220; align=&#8220;center&#8220; _builder_version=&#8220;4.16&#8243; global_colors_info=&#8220;{}&#8220;][\/et_pb_image][et_pb_text _builder_version=&#8220;4.25.1&#8243; text_text_color=&#8220;#000000&#8243; text_font_size=&#8220;16px&#8220; background_color=&#8220;#ffffff&#8220; z_index=&#8220;500&#8243; custom_margin=&#8220;|200px||200px|false|false&#8220; custom_margin_tablet=&#8220;|0px||0px|false|false&#8220; custom_margin_phone=&#8220;&#8220; custom_margin_last_edited=&#8220;on|phone&#8220; custom_padding=&#8220;25px||25px||false|false&#8220; custom_padding_tablet=&#8220;&#8220; custom_padding_phone=&#8220;|5px||5px|false|false&#8220; custom_padding_last_edited=&#8220;on|phone&#8220; border_radii=&#8220;on|50px|50px|50px|50px&#8220; border_width_all=&#8220;5px&#8220; border_color_all=&#8220;#b2b2b2&#8243; global_colors_info=&#8220;{}&#8220;]<\/p>\n<p style=\"text-align: center;\"> NUPARK 51 | DK-7500 Holstebro | Tlf.: +45 70 20 21 81<\/p>\n<p style=\"text-align: center;\"><a href=\"mailto:mail@strausspartner.com\">mail@strausspartner.com<\/a><\/p>\n<p>[\/et_pb_text][\/et_pb_column][\/et_pb_row][\/et_pb_section]<\/p>\n","protected":false},"excerpt":{"rendered":"<p>Al\u00fej\u00f3\u00f0legar kaupstefnur. Mikill \u00e1vinningur fyrir l\u00e1gmarks framleg\u00f0. NUPARK 51 | DK-7500 Holstebro | Tlf.: +45 70 20 21 81 mail@strausspartner.com<\/p>\n","protected":false},"author":5,"featured_media":0,"parent":0,"menu_order":0,"comment_status":"closed","ping_status":"closed","template":"","meta":{"_et_pb_use_builder":"on","_et_pb_old_content":"<figure><img src=\"http:\/\/strausspartner.com\/wp-content\/uploads\/2019\/08\/h\u00e5ndtryk.jpg\" alt=\"h\u00e5ndtryk\" \/><\/figure><figure><img src=\"http:\/\/strausspartner.com\/wp-content\/uploads\/2019\/08\/underskrift-e1566983375807.jpg\" alt=\"underskrift\" \/><\/figure><figure><img src=\"http:\/\/strausspartner.com\/wp-content\/uploads\/2019\/10\/vigtig-brik-DK_Tegnebr\u00e6t-1.png\" alt=\"vigtig brik DK_Tegnebr\u00e6t 1\" \/><\/figure>\t\t\t\r\n\t\t<h4 data-elementor-setting-key=\"title\"><strong>INTERNATIONALE FAGMESSER<\/strong><\/h4><h4>STORT UDBYTTE FOR MINIMAL INDSATS<\/h4>\t\t\r\n\t\t\t\t\t\t\t\t\t\t\t<a href=\"https:\/\/www.messe.de\/home\" data-elementor-open-lightbox=\"\" target=\"_blank\" rel=\"noopener noreferrer\">\r\n\t\t\t\t\t\t\t<img width=\"150\" height=\"38\" src=\"http:\/\/strausspartner.com\/wp-content\/uploads\/2019\/08\/dm-logo.png\" alt=\"\" \/>\t\t\t\t\t\t\t\t<\/a>\r\n\t\t<p style=\"text-align: center;\"><strong>Deutsche Messe AG<\/strong> har verdens st\u00f8rste messeomr\u00e5de, med et areal p\u00e5 3,5 mio. m2.<\/p><p style=\"text-align: center;\">Selskabet havde i 2018 en \u00e5rsoms\u00e6tning p\u00e5 310 mio. Euro.<\/p><p style=\"text-align: center;\">I messeomr\u00e5det i Hannover var der i 2018, 23.344 udstillere, og 1.39 mio. bes\u00f8gende.<\/p><p style=\"text-align: center;\">Som officiel international repr\u00e6sentant for Deutsche Messe AG i Danmark og i Island, er det vores prim\u00e6re opgave\u00a0at servicere udstillere og bes\u00f8gende. Vi servicerer ligeledes ministerier\/styrelser, hovedorganisationer, handelskamre og fagpressen.<\/p>\t\t\r\n\t\t\t<a  href=\"https:\/\/strausspartner.com\/kontakt\/\" target=\"_self\"   rel=\"noopener noreferrer\">Bestil adgangskort<\/a>\t\t\r\n\t\t\t<a  href=\"https:\/\/strausspartner.com\/kontakt\/\" target=\"_self\"   rel=\"noopener noreferrer\">Kontakt os for yderligere information<\/a>\t\t\r\n\t\t\t\t\t\t\t\t\t\t\t<a href=\"http:\/\/strausspartner.com\/wp-content\/uploads\/2019\/08\/Deutche-Messe.jpg\" data-elementor-open-lightbox=\"default\">\r\n\t\t\t\t\t\t\t<img width=\"605\" height=\"648\" src=\"http:\/\/strausspartner.com\/wp-content\/uploads\/2019\/08\/Deutche-Messe.jpg\" alt=\"\" \/>\t\t\t\t\t\t\t\t<\/a>\r\n\t\t\t\t\t\t\t\t\t\t\t<a href=\"https:\/\/www.messe-berlin.de\/en\/\" data-elementor-open-lightbox=\"\" target=\"_blank\" rel=\"noopener noreferrer\">\r\n\t\t\t\t\t\t\t<img src=\"http:\/\/strausspartner.com\/wp-content\/uploads\/elementor\/thumbs\/Messe_Berlin_Logo-ocxp0nejbdjxkyto46g7i1dw4gv5u4lphngp9iwgsk.png\" title=\"Messe_Berlin_Logo\" alt=\"Messe_Berlin_Logo\" \/>\t\t\t\t\t\t\t\t<\/a>\r\n\t\t<p style=\"text-align: center;\"><strong>Messe Berlin GmbH<\/strong> har et samlet areal p\u00e5 1,98 mio. m2.<\/p><p style=\"text-align: center;\">Selskabet havde i 2018 en oms\u00e6tning p\u00e5 237 mio. Euro.<\/p><p style=\"text-align: center;\">I messeomr\u00e5det i Berlin var der i 2018, 34.883 udstillere og 2.19 mio. bes\u00f8gende.<\/p><p style=\"text-align: center;\">Som officiel international repr\u00e6sentant for Messe Berlin GmbH i Danmark, er det vores prim\u00e6re opgave, at servicere udstillere og bes\u00f8gende. Vi servicerer ligeledes ministerier\/styrelser, hovedorganisationer, handelskamre og fagpressen.<\/p>\t\t\r\n\t\t\t<a  href=\"https:\/\/strausspartner.com\/kontakt\/\" target=\"_self\"   rel=\"noopener noreferrer\">Bestil adgangskort<\/a>\t\t\r\n\t\t\t<a  href=\"https:\/\/strausspartner.com\/kontakt\/\" target=\"_self\"   rel=\"noopener noreferrer\">Kontakt os for yderligere information<\/a>\t\t\r\n\t\t\t\t\t\t\t\t\t\t\t<a href=\"http:\/\/strausspartner.com\/wp-content\/uploads\/2019\/08\/b-p-1.jpg\" data-elementor-open-lightbox=\"yes\">\r\n\t\t\t\t\t\t\t<img width=\"1024\" height=\"859\" src=\"http:\/\/strausspartner.com\/wp-content\/uploads\/2019\/08\/b-p-1-1024x859.jpg\" alt=\"\" \/>\t\t\t\t\t\t\t\t<\/a>\r\n\t\t\t\t\t\t\t\t\t\t\t<a href=\"https:\/\/www.nuernbergmesse.de\/\" data-elementor-open-lightbox=\"\" target=\"_blank\" rel=\"noopener noreferrer\">\r\n\t\t\t\t\t\t\t<img src=\"http:\/\/strausspartner.com\/wp-content\/uploads\/elementor\/thumbs\/NuernbergMesse-logoWhite-ocxqvp82txc9rlfgl5u5d49llydqwusepirlo3hhcc.png\" title=\"NuernbergMesse-logoWhite\" alt=\"NuernbergMesse-logoWhite\" \/>\t\t\t\t\t\t\t\t<\/a>\r\n\t\t<p style=\"text-align: center;\"><strong>N\u00fcrnbergMesse GmbH<\/strong> har et samlet areal p\u00e5 1.21 mio. m2.<\/p><p style=\"text-align: center;\">Selskabet havde i 2018 en oms\u00e6tning p\u00e5 270 mio. Euro.<\/p><p style=\"text-align: center;\">I messeomr\u00e5det i N\u00fcrnberg var der i 2018, 35.462 udstillere og 1.55 mio. bes\u00f8gende.<\/p><p style=\"text-align: center;\">Som officiel international repr\u00e6sentant for N\u00fcrnbergMesse GmbH i Danmark, i Island og i Norge, er det vores prim\u00e6re opgave at servicere udstillere og bes\u00f8gende. Vi servicerer ligeledes ministerier\/styrelser, hovedorganisationer, handelskamre og fagpressen.<\/p>\t\t\r\n\t\t\t<a  href=\"https:\/\/strausspartner.com\/kontakt\/\" target=\"_self\"   rel=\"noopener noreferrer\">Bestil adgangskort<\/a>\t\t\r\n\t\t\t<a  href=\"https:\/\/strausspartner.com\/kontakt\/\" target=\"_self\"   rel=\"noopener noreferrer\">Kontakt os for yderligere information<\/a>\t\t\r\n\t\t\t\t\t\t\t\t\t\t\t<a href=\"http:\/\/strausspartner.com\/wp-content\/uploads\/2019\/08\/nuernbergmesse-gelaendeuebersicht.png\" data-elementor-open-lightbox=\"yes\">\r\n\t\t\t\t\t\t\t<img width=\"1024\" height=\"799\" src=\"http:\/\/strausspartner.com\/wp-content\/uploads\/2019\/08\/nuernbergmesse-gelaendeuebersicht-1024x799.png\" alt=\"\" \/>\t\t\t\t\t\t\t\t<\/a>\r\n\t\t\t\t\t\t\t\t\t\t\t<a href=\"https:\/\/www.spielwarenmesse.de\/language\/6\/\" data-elementor-open-lightbox=\"\" target=\"_blank\" rel=\"noopener noreferrer\">\r\n\t\t\t\t\t\t\t<img width=\"170\" height=\"80\" src=\"http:\/\/strausspartner.com\/wp-content\/uploads\/2019\/08\/logo_spielwarenmesse.png\" alt=\"\" \/>\t\t\t\t\t\t\t\t<\/a>\r\n\t\t<p style=\"text-align: center;\"><strong>Spielwarenmesse\u00ae<\/strong> er verdens st\u00f8rste fagmesse for leget\u00f8j, hobby og fritid.<\/p><p style=\"text-align: center;\">Spielwarenmesse eG, der er selskabet bag fagmessen, havde i 2018 en \u00e5rsoms\u00e6tning p\u00e5 28 mio. Euro.<\/p><p style=\"text-align: center;\">I messeomr\u00e5det i N\u00fcrnberg, var der i 2018, 2.902 udstillere og 70.348 bes\u00f8gende.<\/p><p style=\"text-align: center;\">Som officiel international repr\u00e6sentant for Spielwarenmesse eG i Danmark, er det vores prim\u00e6re opgave, at servicere udstillere og bes\u00f8gende. Vi servicerer ligeledes ministerier\/styrelser, hovedorganisationer, handelskamre og fagpressen.<\/p>\t\t\r\n\t\t\t<a  href=\"https:\/\/strausspartner.com\/kontakt\/\" target=\"_self\"   rel=\"noopener noreferrer\">Bestil adgangskort<\/a>\t\t\r\n\t\t\t<a  href=\"https:\/\/strausspartner.com\/kontakt\/\" target=\"_self\"   rel=\"noopener noreferrer\">Kontakt os for yderligere information<\/a>\t\t\r\n\t\t\t\t\t\t\t\t\t\t\t<a href=\"http:\/\/strausspartner.com\/wp-content\/uploads\/2019\/08\/2020_Spielwarenmesse_Hallenplan.png\" data-elementor-open-lightbox=\"yes\">\r\n\t\t\t\t\t\t\t<img width=\"727\" height=\"550\" src=\"http:\/\/strausspartner.com\/wp-content\/uploads\/2019\/08\/2020_Spielwarenmesse_Hallenplan.png\" alt=\"\" \/>\t\t\t\t\t\t\t\t<\/a>\r\n\t\t\t<section style=\"\" >\r\n            <img width=\"3433\" height=\"393\" src=\"http:\/\/strausspartner.com\/wp-content\/uploads\/2019\/08\/Strauss-logo-2019.png\" alt=\"Strauss-logo 2019\" data-ratio=\"8.74\" data-original-w=\"3433\" \/>            \r\n<\/section><!-- widget-container -->\t\t\r\n\t\t<p>NUPARK \u00a0 l \u00a0 DK-7500 Holstebro \u00a0 l\u00a0 \u00a0 \u00a0Tlf.: +45 70 20 21 81<\/p><p><a href=\"mailto:mail@strausspartner.com\">mail@strausspartner.com<\/a><\/p>\t\t\r\n\t\t<h5>NUPARK\u00a0 \u00a0 \u00a0l\u00a0 \u00a0 \u00a0DK-7500 Holstebro\u00a0 \u00a0 \u00a0l\u00a0 \u00a0 \u00a0Tlf.: +45 70 20 21 81\u00a0 \u00a0 \u00a0l\u00a0 \u00a0 \u00a0mail@strausspartner.com<\/h5>","_et_gb_content_width":"","footnotes":""},"class_list":["post-1785","page","type-page","status-publish","hentry"],"yoast_head":"<!-- This site is optimized with the Yoast SEO plugin v27.4 - https:\/\/yoast.com\/product\/yoast-seo-wordpress\/ -->\n<title>Strauss Partnere - Strausspartner<\/title>\n<meta name=\"robots\" content=\"index, follow, max-snippet:-1, max-image-preview:large, max-video-preview:-1\" \/>\n<link rel=\"canonical\" href=\"https:\/\/strausspartner.com\/is\/\" \/>\n<meta property=\"og:locale\" content=\"is_IS\" \/>\n<meta property=\"og:type\" content=\"article\" \/>\n<meta property=\"og:title\" content=\"Strauss Partnere - Strausspartner\" \/>\n<meta property=\"og:description\" content=\"Al\u00fej\u00f3\u00f0legar kaupstefnur. Mikill \u00e1vinningur fyrir l\u00e1gmarks framleg\u00f0. NUPARK 51 | DK-7500 Holstebro | Tlf.: +45 70 20 21 81 mail@strausspartner.com\" \/>\n<meta property=\"og:url\" content=\"https:\/\/strausspartner.com\/is\/\" \/>\n<meta property=\"og:site_name\" content=\"Strausspartner\" \/>\n<meta property=\"article:modified_time\" content=\"2024-06-09T11:41:54+00:00\" \/>\n<meta name=\"twitter:card\" content=\"summary_large_image\" \/>\n<meta name=\"twitter:label1\" content=\"Est. reading time\" \/>\n\t<meta name=\"twitter:data1\" content=\"1 minute\" \/>\n<script type=\"application\/ld+json\" class=\"yoast-schema-graph\">{\"@context\":\"https:\\\/\\\/schema.org\",\"@graph\":[{\"@type\":\"WebPage\",\"@id\":\"https:\\\/\\\/strausspartner.com\\\/is\\\/\",\"url\":\"https:\\\/\\\/strausspartner.com\\\/is\\\/\",\"name\":\"Strauss Partnere - Strausspartner\",\"isPartOf\":{\"@id\":\"https:\\\/\\\/strausspartner.com\\\/is\\\/#website\"},\"datePublished\":\"2019-07-30T05:24:51+00:00\",\"dateModified\":\"2024-06-09T11:41:54+00:00\",\"breadcrumb\":{\"@id\":\"https:\\\/\\\/strausspartner.com\\\/is\\\/#breadcrumb\"},\"inLanguage\":\"is\",\"potentialAction\":[{\"@type\":\"ReadAction\",\"target\":[\"https:\\\/\\\/strausspartner.com\\\/is\\\/\"]}]},{\"@type\":\"BreadcrumbList\",\"@id\":\"https:\\\/\\\/strausspartner.com\\\/is\\\/#breadcrumb\",\"itemListElement\":[{\"@type\":\"ListItem\",\"position\":1,\"name\":\"Home\",\"item\":\"https:\\\/\\\/strausspartner.com\\\/is\\\/\"},{\"@type\":\"ListItem\",\"position\":2,\"name\":\"Strauss Partnere\"}]},{\"@type\":\"WebSite\",\"@id\":\"https:\\\/\\\/strausspartner.com\\\/is\\\/#website\",\"url\":\"https:\\\/\\\/strausspartner.com\\\/is\\\/\",\"name\":\"Strausspartner\",\"description\":\"\",\"potentialAction\":[{\"@type\":\"SearchAction\",\"target\":{\"@type\":\"EntryPoint\",\"urlTemplate\":\"https:\\\/\\\/strausspartner.com\\\/is\\\/?s={search_term_string}\"},\"query-input\":{\"@type\":\"PropertyValueSpecification\",\"valueRequired\":true,\"valueName\":\"search_term_string\"}}],\"inLanguage\":\"is\"}]}<\/script>\n<!-- \/ Yoast SEO plugin. -->","yoast_head_json":{"title":"Strauss Partnere - Strausspartner","robots":{"index":"index","follow":"follow","max-snippet":"max-snippet:-1","max-image-preview":"max-image-preview:large","max-video-preview":"max-video-preview:-1"},"canonical":"https:\/\/strausspartner.com\/is\/","og_locale":"is_IS","og_type":"article","og_title":"Strauss Partnere - Strausspartner","og_description":"Al\u00fej\u00f3\u00f0legar kaupstefnur. Mikill \u00e1vinningur fyrir l\u00e1gmarks framleg\u00f0. NUPARK 51 | DK-7500 Holstebro | Tlf.: +45 70 20 21 81 mail@strausspartner.com","og_url":"https:\/\/strausspartner.com\/is\/","og_site_name":"Strausspartner","article_modified_time":"2024-06-09T11:41:54+00:00","twitter_card":"summary_large_image","twitter_misc":{"Est. reading time":"1 minute"},"schema":{"@context":"https:\/\/schema.org","@graph":[{"@type":"WebPage","@id":"https:\/\/strausspartner.com\/is\/","url":"https:\/\/strausspartner.com\/is\/","name":"Strauss Partnere - Strausspartner","isPartOf":{"@id":"https:\/\/strausspartner.com\/is\/#website"},"datePublished":"2019-07-30T05:24:51+00:00","dateModified":"2024-06-09T11:41:54+00:00","breadcrumb":{"@id":"https:\/\/strausspartner.com\/is\/#breadcrumb"},"inLanguage":"is","potentialAction":[{"@type":"ReadAction","target":["https:\/\/strausspartner.com\/is\/"]}]},{"@type":"BreadcrumbList","@id":"https:\/\/strausspartner.com\/is\/#breadcrumb","itemListElement":[{"@type":"ListItem","position":1,"name":"Home","item":"https:\/\/strausspartner.com\/is\/"},{"@type":"ListItem","position":2,"name":"Strauss Partnere"}]},{"@type":"WebSite","@id":"https:\/\/strausspartner.com\/is\/#website","url":"https:\/\/strausspartner.com\/is\/","name":"Strausspartner","description":"","potentialAction":[{"@type":"SearchAction","target":{"@type":"EntryPoint","urlTemplate":"https:\/\/strausspartner.com\/is\/?s={search_term_string}"},"query-input":{"@type":"PropertyValueSpecification","valueRequired":true,"valueName":"search_term_string"}}],"inLanguage":"is"}]}},"_links":{"self":[{"href":"https:\/\/strausspartner.com\/is\/wp-json\/wp\/v2\/pages\/1785","targetHints":{"allow":["GET"]}}],"collection":[{"href":"https:\/\/strausspartner.com\/is\/wp-json\/wp\/v2\/pages"}],"about":[{"href":"https:\/\/strausspartner.com\/is\/wp-json\/wp\/v2\/types\/page"}],"author":[{"embeddable":true,"href":"https:\/\/strausspartner.com\/is\/wp-json\/wp\/v2\/users\/5"}],"replies":[{"embeddable":true,"href":"https:\/\/strausspartner.com\/is\/wp-json\/wp\/v2\/comments?post=1785"}],"version-history":[{"count":15,"href":"https:\/\/strausspartner.com\/is\/wp-json\/wp\/v2\/pages\/1785\/revisions"}],"predecessor-version":[{"id":2257,"href":"https:\/\/strausspartner.com\/is\/wp-json\/wp\/v2\/pages\/1785\/revisions\/2257"}],"wp:attachment":[{"href":"https:\/\/strausspartner.com\/is\/wp-json\/wp\/v2\/media?parent=1785"}],"curies":[{"name":"wp","href":"https:\/\/api.w.org\/{rel}","templated":true}]}}