{"id":1989,"date":"2024-06-08T05:51:55","date_gmt":"2024-06-08T04:51:55","guid":{"rendered":"https:\/\/strausspartner.com\/landesmesse-stuttgart\/"},"modified":"2024-06-10T08:27:53","modified_gmt":"2024-06-10T07:27:53","slug":"landesmesse-stuttgart","status":"publish","type":"page","link":"https:\/\/strausspartner.com\/is\/landesmesse-stuttgart\/","title":{"rendered":"Landesmesse Stuttgart"},"content":{"rendered":"<p>[et_pb_section fb_built=&#8220;1&#8243; _builder_version=&#8220;4.25.1&#8243; _module_preset=&#8220;default&#8220; background_image=&#8220;http:\/\/strausspartner.com\/wp-content\/uploads\/2024\/06\/Baggrund-Stuttgart.jpg&#8220; global_colors_info=&#8220;{}&#8220;][et_pb_row column_structure=&#8220;1_2,1_2&#8243; make_equal=&#8220;on&#8220; _builder_version=&#8220;4.25.1&#8243; _module_preset=&#8220;default&#8220; custom_margin=&#8220;0px||||false|false&#8220; custom_padding=&#8220;0px||||false|false&#8220; global_colors_info=&#8220;{}&#8220;][et_pb_column type=&#8220;1_2&#8243; _builder_version=&#8220;4.25.1&#8243; _module_preset=&#8220;default&#8220; background_color=&#8220;rgba(34,34,34,0.88)&#8220; custom_padding=&#8220;|50px|50px|50px|false|false&#8220; border_radii=&#8220;on|50px|50px|50px|50px&#8220; global_colors_info=&#8220;{}&#8220;][et_pb_image src=&#8220;http:\/\/strausspartner.com\/wp-content\/uploads\/2024\/06\/group-MC0.png&#8220; title_text=&#8220;group-MC0&#8243; align=&#8220;center&#8220; _builder_version=&#8220;4.25.1&#8243; _module_preset=&#8220;default&#8220; max_width=&#8220;250px&#8220; module_alignment=&#8220;center&#8220; filter_brightness=&#8220;200%&#8220; global_colors_info=&#8220;{}&#8220;][\/et_pb_image][et_pb_text _builder_version=&#8220;4.25.1&#8243; _module_preset=&#8220;default&#8220; text_orientation=&#8220;center&#8220; background_layout=&#8220;dark&#8220; custom_margin=&#8220;-50px||||false|false&#8220; hover_enabled=&#8220;0&#8243; global_colors_info=&#8220;{}&#8220; sticky_enabled=&#8220;0&#8243;]<\/p>\n<p>Landesmesse Stuttgart er eitt st\u00e6rsta kaupstefnufyrirt\u00e6ki heims, me\u00f0 s\u00fdningarr\u00fdmi sem er 180.000 fermetrar.<\/p>\n<p>\u00cd 2022 \/ 2023 voru 13.558 s\u00fdnendur og 596.086 gestir \u00e1 s\u00fdningum \u00ed Stuttgart.<\/p>\n<p>\u00dea\u00f0 er hlutverk okkar sem skr\u00e1\u00f0ur al\u00fej\u00f3\u00f0legur fulltr\u00fai Landesmesse Stuttgart GmbH \u00ed Skandinav\u00edu a\u00f0 \u00fej\u00f3na s\u00fdnendum og gestum. Einnig \u00fej\u00f3num vi\u00f0 r\u00e1\u00f0herrum\/stofnunum, f\u00e9l\u00f6gum, vi\u00f0skiptar\u00e1\u00f0um og fagbl\u00f6\u00f0um.<\/p>\n<p>[\/et_pb_text][et_pb_button button_url=&#8220;https:\/\/strausspartner.com\/is\/kontakt\/&#8220; button_text=&#8220; Haf\u00f0u samband vi\u00f0 okkur&#8220; button_alignment=&#8220;center&#8220; _builder_version=&#8220;4.25.1&#8243; _module_preset=&#8220;default&#8220; custom_css_main_element=&#8220;min-width:355px;&#8220; global_colors_info=&#8220;{}&#8220; custom_css_main_element_last_edited=&#8220;on|phone&#8220; custom_css_main_element_phone=&#8220;min-width:100%;&#8220; custom_css_main_element_tablet=&#8220;min-width:355px;&#8220;][\/et_pb_button][et_pb_button button_url=&#8220;https:\/\/www.messe-stuttgart.de\/en\/&#8220; url_new_window=&#8220;on&#8220; button_text=&#8220;Opinber vefs\u00ed\u00f0a &#8220; button_alignment=&#8220;center&#8220; _builder_version=&#8220;4.25.1&#8243; _module_preset=&#8220;default&#8220; custom_css_main_element=&#8220;min-width:355px;&#8220; global_colors_info=&#8220;{}&#8220; custom_css_main_element_last_edited=&#8220;on|phone&#8220; custom_css_main_element_phone=&#8220;min-width:100%;&#8220; custom_css_main_element_tablet=&#8220;min-width:355px;&#8220;][\/et_pb_button][\/et_pb_column][et_pb_column type=&#8220;1_2&#8243; _builder_version=&#8220;4.25.1&#8243; _module_preset=&#8220;default&#8220; background_enable_image=&#8220;off&#8220; custom_padding_phone=&#8220;||250px||false|false&#8220; custom_padding_last_edited=&#8220;off|desktop&#8220; border_radii=&#8220;on|50px|50px|50px|50px&#8220; global_colors_info=&#8220;{}&#8220;][et_pb_image src=&#8220;http:\/\/strausspartner.com\/wp-content\/uploads\/2024\/06\/Kort-Stuttgart-scaled.jpg&#8220; title_text=&#8220;Kort Stuttgart&#8220; show_in_lightbox=&#8220;on&#8220; _builder_version=&#8220;4.25.1&#8243; _module_preset=&#8220;default&#8220; border_radii=&#8220;on|50px|50px|50px|50px&#8220; global_colors_info=&#8220;{}&#8220;][\/et_pb_image][\/et_pb_column][\/et_pb_row][\/et_pb_section]<\/p>\n","protected":false},"excerpt":{"rendered":"<p>Landesmesse Stuttgart er eitt st\u00e6rsta kaupstefnufyrirt\u00e6ki heims, me\u00f0 s\u00fdningarr\u00fdmi sem er 180.000 fermetrar. \u00cd 2022 \/ 2023 voru 13.558 s\u00fdnendur og 596.086 gestir \u00e1 s\u00fdningum \u00ed Stuttgart. \u00dea\u00f0 er hlutverk okkar sem skr\u00e1\u00f0ur al\u00fej\u00f3\u00f0legur fulltr\u00fai Landesmesse Stuttgart GmbH \u00ed Skandinav\u00edu a\u00f0 \u00fej\u00f3na s\u00fdnendum og gestum. Einnig \u00fej\u00f3num vi\u00f0 r\u00e1\u00f0herrum\/stofnunum, f\u00e9l\u00f6gum, vi\u00f0skiptar\u00e1\u00f0um og fagbl\u00f6\u00f0um.<\/p>\n","protected":false},"author":5,"featured_media":0,"parent":0,"menu_order":0,"comment_status":"closed","ping_status":"closed","template":"","meta":{"_et_pb_use_builder":"on","_et_pb_old_content":"","_et_gb_content_width":"","footnotes":""},"class_list":["post-1989","page","type-page","status-publish","hentry"],"yoast_head":"<!-- This site is optimized with the Yoast SEO plugin v27.4 - https:\/\/yoast.com\/product\/yoast-seo-wordpress\/ -->\n<title>Landesmesse Stuttgart - Strausspartner<\/title>\n<meta name=\"robots\" content=\"index, follow, max-snippet:-1, max-image-preview:large, max-video-preview:-1\" \/>\n<link rel=\"canonical\" href=\"https:\/\/strausspartner.com\/is\/landesmesse-stuttgart\/\" \/>\n<meta property=\"og:locale\" content=\"is_IS\" \/>\n<meta property=\"og:type\" content=\"article\" \/>\n<meta property=\"og:title\" content=\"Landesmesse Stuttgart - Strausspartner\" \/>\n<meta property=\"og:description\" content=\"Landesmesse Stuttgart er eitt st\u00e6rsta kaupstefnufyrirt\u00e6ki heims, me\u00f0 s\u00fdningarr\u00fdmi sem er 180.000 fermetrar. \u00cd 2022 \/ 2023 voru 13.558 s\u00fdnendur og 596.086 gestir \u00e1 s\u00fdningum \u00ed Stuttgart. \u00dea\u00f0 er hlutverk okkar sem skr\u00e1\u00f0ur al\u00fej\u00f3\u00f0legur fulltr\u00fai Landesmesse Stuttgart GmbH \u00ed Skandinav\u00edu a\u00f0 \u00fej\u00f3na s\u00fdnendum og gestum. Einnig \u00fej\u00f3num vi\u00f0 r\u00e1\u00f0herrum\/stofnunum, f\u00e9l\u00f6gum, vi\u00f0skiptar\u00e1\u00f0um og fagbl\u00f6\u00f0um.\" \/>\n<meta property=\"og:url\" content=\"https:\/\/strausspartner.com\/is\/landesmesse-stuttgart\/\" \/>\n<meta property=\"og:site_name\" content=\"Strausspartner\" \/>\n<meta property=\"article:modified_time\" content=\"2024-06-10T07:27:53+00:00\" \/>\n<meta name=\"twitter:card\" content=\"summary_large_image\" \/>\n<meta name=\"twitter:label1\" content=\"Est. reading time\" \/>\n\t<meta name=\"twitter:data1\" content=\"1 minute\" \/>\n<script type=\"application\/ld+json\" class=\"yoast-schema-graph\">{\"@context\":\"https:\\\/\\\/schema.org\",\"@graph\":[{\"@type\":\"WebPage\",\"@id\":\"https:\\\/\\\/strausspartner.com\\\/is\\\/landesmesse-stuttgart\\\/\",\"url\":\"https:\\\/\\\/strausspartner.com\\\/is\\\/landesmesse-stuttgart\\\/\",\"name\":\"Landesmesse Stuttgart - Strausspartner\",\"isPartOf\":{\"@id\":\"https:\\\/\\\/strausspartner.com\\\/is\\\/#website\"},\"datePublished\":\"2024-06-08T04:51:55+00:00\",\"dateModified\":\"2024-06-10T07:27:53+00:00\",\"breadcrumb\":{\"@id\":\"https:\\\/\\\/strausspartner.com\\\/is\\\/landesmesse-stuttgart\\\/#breadcrumb\"},\"inLanguage\":\"is\",\"potentialAction\":[{\"@type\":\"ReadAction\",\"target\":[\"https:\\\/\\\/strausspartner.com\\\/is\\\/landesmesse-stuttgart\\\/\"]}]},{\"@type\":\"BreadcrumbList\",\"@id\":\"https:\\\/\\\/strausspartner.com\\\/is\\\/landesmesse-stuttgart\\\/#breadcrumb\",\"itemListElement\":[{\"@type\":\"ListItem\",\"position\":1,\"name\":\"Home\",\"item\":\"https:\\\/\\\/strausspartner.com\\\/is\\\/\"},{\"@type\":\"ListItem\",\"position\":2,\"name\":\"Landesmesse Stuttgart\"}]},{\"@type\":\"WebSite\",\"@id\":\"https:\\\/\\\/strausspartner.com\\\/is\\\/#website\",\"url\":\"https:\\\/\\\/strausspartner.com\\\/is\\\/\",\"name\":\"Strausspartner\",\"description\":\"\",\"potentialAction\":[{\"@type\":\"SearchAction\",\"target\":{\"@type\":\"EntryPoint\",\"urlTemplate\":\"https:\\\/\\\/strausspartner.com\\\/is\\\/?s={search_term_string}\"},\"query-input\":{\"@type\":\"PropertyValueSpecification\",\"valueRequired\":true,\"valueName\":\"search_term_string\"}}],\"inLanguage\":\"is\"}]}<\/script>\n<!-- \/ Yoast SEO plugin. -->","yoast_head_json":{"title":"Landesmesse Stuttgart - Strausspartner","robots":{"index":"index","follow":"follow","max-snippet":"max-snippet:-1","max-image-preview":"max-image-preview:large","max-video-preview":"max-video-preview:-1"},"canonical":"https:\/\/strausspartner.com\/is\/landesmesse-stuttgart\/","og_locale":"is_IS","og_type":"article","og_title":"Landesmesse Stuttgart - Strausspartner","og_description":"Landesmesse Stuttgart er eitt st\u00e6rsta kaupstefnufyrirt\u00e6ki heims, me\u00f0 s\u00fdningarr\u00fdmi sem er 180.000 fermetrar. \u00cd 2022 \/ 2023 voru 13.558 s\u00fdnendur og 596.086 gestir \u00e1 s\u00fdningum \u00ed Stuttgart. \u00dea\u00f0 er hlutverk okkar sem skr\u00e1\u00f0ur al\u00fej\u00f3\u00f0legur fulltr\u00fai Landesmesse Stuttgart GmbH \u00ed Skandinav\u00edu a\u00f0 \u00fej\u00f3na s\u00fdnendum og gestum. Einnig \u00fej\u00f3num vi\u00f0 r\u00e1\u00f0herrum\/stofnunum, f\u00e9l\u00f6gum, vi\u00f0skiptar\u00e1\u00f0um og fagbl\u00f6\u00f0um.","og_url":"https:\/\/strausspartner.com\/is\/landesmesse-stuttgart\/","og_site_name":"Strausspartner","article_modified_time":"2024-06-10T07:27:53+00:00","twitter_card":"summary_large_image","twitter_misc":{"Est. reading time":"1 minute"},"schema":{"@context":"https:\/\/schema.org","@graph":[{"@type":"WebPage","@id":"https:\/\/strausspartner.com\/is\/landesmesse-stuttgart\/","url":"https:\/\/strausspartner.com\/is\/landesmesse-stuttgart\/","name":"Landesmesse Stuttgart - Strausspartner","isPartOf":{"@id":"https:\/\/strausspartner.com\/is\/#website"},"datePublished":"2024-06-08T04:51:55+00:00","dateModified":"2024-06-10T07:27:53+00:00","breadcrumb":{"@id":"https:\/\/strausspartner.com\/is\/landesmesse-stuttgart\/#breadcrumb"},"inLanguage":"is","potentialAction":[{"@type":"ReadAction","target":["https:\/\/strausspartner.com\/is\/landesmesse-stuttgart\/"]}]},{"@type":"BreadcrumbList","@id":"https:\/\/strausspartner.com\/is\/landesmesse-stuttgart\/#breadcrumb","itemListElement":[{"@type":"ListItem","position":1,"name":"Home","item":"https:\/\/strausspartner.com\/is\/"},{"@type":"ListItem","position":2,"name":"Landesmesse Stuttgart"}]},{"@type":"WebSite","@id":"https:\/\/strausspartner.com\/is\/#website","url":"https:\/\/strausspartner.com\/is\/","name":"Strausspartner","description":"","potentialAction":[{"@type":"SearchAction","target":{"@type":"EntryPoint","urlTemplate":"https:\/\/strausspartner.com\/is\/?s={search_term_string}"},"query-input":{"@type":"PropertyValueSpecification","valueRequired":true,"valueName":"search_term_string"}}],"inLanguage":"is"}]}},"_links":{"self":[{"href":"https:\/\/strausspartner.com\/is\/wp-json\/wp\/v2\/pages\/1989","targetHints":{"allow":["GET"]}}],"collection":[{"href":"https:\/\/strausspartner.com\/is\/wp-json\/wp\/v2\/pages"}],"about":[{"href":"https:\/\/strausspartner.com\/is\/wp-json\/wp\/v2\/types\/page"}],"author":[{"embeddable":true,"href":"https:\/\/strausspartner.com\/is\/wp-json\/wp\/v2\/users\/5"}],"replies":[{"embeddable":true,"href":"https:\/\/strausspartner.com\/is\/wp-json\/wp\/v2\/comments?post=1989"}],"version-history":[{"count":17,"href":"https:\/\/strausspartner.com\/is\/wp-json\/wp\/v2\/pages\/1989\/revisions"}],"predecessor-version":[{"id":2338,"href":"https:\/\/strausspartner.com\/is\/wp-json\/wp\/v2\/pages\/1989\/revisions\/2338"}],"wp:attachment":[{"href":"https:\/\/strausspartner.com\/is\/wp-json\/wp\/v2\/media?parent=1989"}],"curies":[{"name":"wp","href":"https:\/\/api.w.org\/{rel}","templated":true}]}}