{"id":1871,"date":"2024-06-08T06:54:39","date_gmt":"2024-06-08T05:54:39","guid":{"rendered":"https:\/\/strausspartner.com\/om-strauss-partnere\/"},"modified":"2024-06-08T07:01:13","modified_gmt":"2024-06-08T06:01:13","slug":"om-strauss-partnere","status":"publish","type":"page","link":"https:\/\/strausspartner.com\/no\/om-strauss-partnere\/","title":{"rendered":"Om Strauss &amp; Partnere"},"content":{"rendered":"<p>[et_pb_section fb_built=&raquo;1&#8243; _builder_version=&raquo;4.25.1&#8243; _module_preset=&raquo;default&raquo; global_colors_info=&raquo;{}&raquo;][et_pb_row column_structure=&raquo;1_2,1_2&#8243; _builder_version=&raquo;4.25.1&#8243; _module_preset=&raquo;default&raquo; global_colors_info=&raquo;{}&raquo;][et_pb_column type=&raquo;1_2&#8243; _builder_version=&raquo;4.25.1&#8243; _module_preset=&raquo;default&raquo; global_colors_info=&raquo;{}&raquo;][et_pb_text _builder_version=&raquo;4.25.1&#8243; _module_preset=&raquo;default&raquo; custom_margin=&raquo;||15vh||false|false&raquo; global_colors_info=&raquo;{}&raquo;]<\/p>\n<h1>Om Strauss &amp; Partnere<\/h1>\n<p>I Strauss &amp; Partnere har vi fokus p\u00e5 internasjonale fagmesser som springbrett for ekspansjon av din virksomhet. Vi representerer en portef\u00f8lje p\u00e5 mange av verdens ledende internasjonale fagmesser, og vi kjenner de fleste av verdens 59 messeorganisasjoner. Dette gir oss en oppdatert ballast vi kan ta i bruk for deg p\u00e5 en fagmesse eller andre steder i verden.<\/p>\n<p>\u00c5 stille ut p\u00e5 en verdensledende fagmesse gir deg som virksomhetseier\/-leder mulighet til \u00e5 beregne ekspansjon p\u00e5 eksportmarkedene f\u00f8r selve aktiviteten, ved at du vet n\u00f8yaktig hva innsatsen din kommer til \u00e5 koste. Kunsten er \u00e5 gj\u00f8re interessante samarbeidspartnere\/innkj\u00f8pere oppmerksom p\u00e5 at du er til stede.<br \/>La oss vurdere behovene dine sammen.<\/p>\n<p>[\/et_pb_text][\/et_pb_column][et_pb_column type=&raquo;1_2&#8243; _builder_version=&raquo;4.25.1&#8243; _module_preset=&raquo;default&raquo; global_colors_info=&raquo;{}&raquo;][\/et_pb_column][\/et_pb_row][\/et_pb_section]<\/p>\n","protected":false},"excerpt":{"rendered":"<p>Om Strauss &amp; Partnere I Strauss &amp; Partnere har vi fokus p\u00e5 internasjonale fagmesser som springbrett for ekspansjon av din virksomhet. Vi representerer en portef\u00f8lje p\u00e5 mange av verdens ledende internasjonale fagmesser, og vi kjenner de fleste av verdens 59 messeorganisasjoner. Dette gir oss en oppdatert ballast vi kan ta i bruk for deg p\u00e5 [&hellip;]<\/p>\n","protected":false},"author":5,"featured_media":0,"parent":0,"menu_order":0,"comment_status":"closed","ping_status":"closed","template":"","meta":{"_et_pb_use_builder":"on","_et_pb_old_content":"","_et_gb_content_width":"","footnotes":""},"class_list":["post-1871","page","type-page","status-publish","hentry"],"yoast_head":"<!-- This site is optimized with the Yoast SEO plugin v27.4 - https:\/\/yoast.com\/product\/yoast-seo-wordpress\/ -->\n<title>Om Strauss &amp; Partnere - Strausspartner<\/title>\n<meta name=\"robots\" content=\"index, follow, max-snippet:-1, max-image-preview:large, max-video-preview:-1\" \/>\n<link rel=\"canonical\" href=\"https:\/\/strausspartner.com\/no\/om-strauss-partnere\/\" \/>\n<meta property=\"og:locale\" content=\"nb_NO\" \/>\n<meta property=\"og:type\" content=\"article\" \/>\n<meta property=\"og:title\" content=\"Om Strauss &amp; Partnere - Strausspartner\" \/>\n<meta property=\"og:description\" content=\"Om Strauss &amp; Partnere I Strauss &amp; Partnere har vi fokus p\u00e5 internasjonale fagmesser som springbrett for ekspansjon av din virksomhet. Vi representerer en portef\u00f8lje p\u00e5 mange av verdens ledende internasjonale fagmesser, og vi kjenner de fleste av verdens 59 messeorganisasjoner. Dette gir oss en oppdatert ballast vi kan ta i bruk for deg p\u00e5 [&hellip;]\" \/>\n<meta property=\"og:url\" content=\"https:\/\/strausspartner.com\/no\/om-strauss-partnere\/\" \/>\n<meta property=\"og:site_name\" content=\"Strausspartner\" \/>\n<meta property=\"article:modified_time\" content=\"2024-06-08T06:01:13+00:00\" \/>\n<meta name=\"twitter:card\" content=\"summary_large_image\" \/>\n<meta name=\"twitter:label1\" content=\"Ansl. lesetid\" \/>\n\t<meta name=\"twitter:data1\" content=\"1 minutt\" \/>\n<script type=\"application\/ld+json\" class=\"yoast-schema-graph\">{\"@context\":\"https:\\\/\\\/schema.org\",\"@graph\":[{\"@type\":\"WebPage\",\"@id\":\"https:\\\/\\\/strausspartner.com\\\/no\\\/om-strauss-partnere\\\/\",\"url\":\"https:\\\/\\\/strausspartner.com\\\/no\\\/om-strauss-partnere\\\/\",\"name\":\"Om Strauss &amp; Partnere - Strausspartner\",\"isPartOf\":{\"@id\":\"https:\\\/\\\/strausspartner.com\\\/no\\\/#website\"},\"datePublished\":\"2024-06-08T05:54:39+00:00\",\"dateModified\":\"2024-06-08T06:01:13+00:00\",\"breadcrumb\":{\"@id\":\"https:\\\/\\\/strausspartner.com\\\/no\\\/om-strauss-partnere\\\/#breadcrumb\"},\"inLanguage\":\"nb-NO\",\"potentialAction\":[{\"@type\":\"ReadAction\",\"target\":[\"https:\\\/\\\/strausspartner.com\\\/no\\\/om-strauss-partnere\\\/\"]}]},{\"@type\":\"BreadcrumbList\",\"@id\":\"https:\\\/\\\/strausspartner.com\\\/no\\\/om-strauss-partnere\\\/#breadcrumb\",\"itemListElement\":[{\"@type\":\"ListItem\",\"position\":1,\"name\":\"Home\",\"item\":\"http:\\\/\\\/strausspartner.com\\\/no\\\/\"},{\"@type\":\"ListItem\",\"position\":2,\"name\":\"Om Strauss &amp; Partnere\"}]},{\"@type\":\"WebSite\",\"@id\":\"https:\\\/\\\/strausspartner.com\\\/no\\\/#website\",\"url\":\"https:\\\/\\\/strausspartner.com\\\/no\\\/\",\"name\":\"Strausspartner\",\"description\":\"\",\"potentialAction\":[{\"@type\":\"SearchAction\",\"target\":{\"@type\":\"EntryPoint\",\"urlTemplate\":\"https:\\\/\\\/strausspartner.com\\\/no\\\/?s={search_term_string}\"},\"query-input\":{\"@type\":\"PropertyValueSpecification\",\"valueRequired\":true,\"valueName\":\"search_term_string\"}}],\"inLanguage\":\"nb-NO\"}]}<\/script>\n<!-- \/ Yoast SEO plugin. -->","yoast_head_json":{"title":"Om Strauss &amp; Partnere - Strausspartner","robots":{"index":"index","follow":"follow","max-snippet":"max-snippet:-1","max-image-preview":"max-image-preview:large","max-video-preview":"max-video-preview:-1"},"canonical":"https:\/\/strausspartner.com\/no\/om-strauss-partnere\/","og_locale":"nb_NO","og_type":"article","og_title":"Om Strauss &amp; Partnere - Strausspartner","og_description":"Om Strauss &amp; Partnere I Strauss &amp; Partnere har vi fokus p\u00e5 internasjonale fagmesser som springbrett for ekspansjon av din virksomhet. Vi representerer en portef\u00f8lje p\u00e5 mange av verdens ledende internasjonale fagmesser, og vi kjenner de fleste av verdens 59 messeorganisasjoner. Dette gir oss en oppdatert ballast vi kan ta i bruk for deg p\u00e5 [&hellip;]","og_url":"https:\/\/strausspartner.com\/no\/om-strauss-partnere\/","og_site_name":"Strausspartner","article_modified_time":"2024-06-08T06:01:13+00:00","twitter_card":"summary_large_image","twitter_misc":{"Ansl. lesetid":"1 minutt"},"schema":{"@context":"https:\/\/schema.org","@graph":[{"@type":"WebPage","@id":"https:\/\/strausspartner.com\/no\/om-strauss-partnere\/","url":"https:\/\/strausspartner.com\/no\/om-strauss-partnere\/","name":"Om Strauss &amp; Partnere - Strausspartner","isPartOf":{"@id":"https:\/\/strausspartner.com\/no\/#website"},"datePublished":"2024-06-08T05:54:39+00:00","dateModified":"2024-06-08T06:01:13+00:00","breadcrumb":{"@id":"https:\/\/strausspartner.com\/no\/om-strauss-partnere\/#breadcrumb"},"inLanguage":"nb-NO","potentialAction":[{"@type":"ReadAction","target":["https:\/\/strausspartner.com\/no\/om-strauss-partnere\/"]}]},{"@type":"BreadcrumbList","@id":"https:\/\/strausspartner.com\/no\/om-strauss-partnere\/#breadcrumb","itemListElement":[{"@type":"ListItem","position":1,"name":"Home","item":"http:\/\/strausspartner.com\/no\/"},{"@type":"ListItem","position":2,"name":"Om Strauss &amp; Partnere"}]},{"@type":"WebSite","@id":"https:\/\/strausspartner.com\/no\/#website","url":"https:\/\/strausspartner.com\/no\/","name":"Strausspartner","description":"","potentialAction":[{"@type":"SearchAction","target":{"@type":"EntryPoint","urlTemplate":"https:\/\/strausspartner.com\/no\/?s={search_term_string}"},"query-input":{"@type":"PropertyValueSpecification","valueRequired":true,"valueName":"search_term_string"}}],"inLanguage":"nb-NO"}]}},"_links":{"self":[{"href":"https:\/\/strausspartner.com\/no\/wp-json\/wp\/v2\/pages\/1871","targetHints":{"allow":["GET"]}}],"collection":[{"href":"https:\/\/strausspartner.com\/no\/wp-json\/wp\/v2\/pages"}],"about":[{"href":"https:\/\/strausspartner.com\/no\/wp-json\/wp\/v2\/types\/page"}],"author":[{"embeddable":true,"href":"https:\/\/strausspartner.com\/no\/wp-json\/wp\/v2\/users\/5"}],"replies":[{"embeddable":true,"href":"https:\/\/strausspartner.com\/no\/wp-json\/wp\/v2\/comments?post=1871"}],"version-history":[{"count":2,"href":"https:\/\/strausspartner.com\/no\/wp-json\/wp\/v2\/pages\/1871\/revisions"}],"predecessor-version":[{"id":1873,"href":"https:\/\/strausspartner.com\/no\/wp-json\/wp\/v2\/pages\/1871\/revisions\/1873"}],"wp:attachment":[{"href":"https:\/\/strausspartner.com\/no\/wp-json\/wp\/v2\/media?parent=1871"}],"curies":[{"name":"wp","href":"https:\/\/api.w.org\/{rel}","templated":true}]}}