{"id":1877,"date":"2024-06-08T06:54:39","date_gmt":"2024-06-08T05:54:39","guid":{"rendered":"https:\/\/strausspartner.com\/om-strauss-partnere\/"},"modified":"2024-06-08T07:03:18","modified_gmt":"2024-06-08T06:03:18","slug":"om-strauss-partnere","status":"publish","type":"page","link":"https:\/\/strausspartner.com\/sv\/om-strauss-partnere\/","title":{"rendered":"Om Strauss &amp; Partnere"},"content":{"rendered":"<p>[et_pb_section fb_built=&#8221;1&#8243; _builder_version=&#8221;4.25.1&#8243; _module_preset=&#8221;default&#8221; global_colors_info=&#8221;{}&#8221;][et_pb_row column_structure=&#8221;1_2,1_2&#8243; _builder_version=&#8221;4.25.1&#8243; _module_preset=&#8221;default&#8221; global_colors_info=&#8221;{}&#8221;][et_pb_column type=&#8221;1_2&#8243; _builder_version=&#8221;4.25.1&#8243; _module_preset=&#8221;default&#8221; global_colors_info=&#8221;{}&#8221;][et_pb_text _builder_version=&#8221;4.25.1&#8243; _module_preset=&#8221;default&#8221; custom_margin=&#8221;||15vh||false|false&#8221; global_colors_info=&#8221;{}&#8221;]<\/p>\n<h1>Om Strauss &amp; Partnere<\/h1>\n<p>Hos Strauss &amp; Partnere fokuserar vi p\u00e5 internationella branschm\u00e4ssor som utg\u00e5ngspunkt f\u00f6r att ditt f\u00f6retag ska expandera. Vi representerar en portf\u00f6lj p\u00e5 m\u00e5nga av v\u00e4rldens ledande internationella branschm\u00e4ssor och k\u00e4nner till de flesta av v\u00e4rldens 59 m\u00e4ssorganisationer. Det ger oss aktuell erfarenhet som vi kan oms\u00e4tta f\u00f6r dig p\u00e5 en branschm\u00e4ssa eller n\u00e5gon annanstans i v\u00e4rlden.<\/p>\n<p>Att st\u00e4lla ut p\u00e5 en v\u00e4rldsledande branschm\u00e4ssa ger dig som f\u00f6retags\u00e4gare\/-ledare m\u00f6jlighet att kalkylera f\u00f6r din expansion p\u00e5 exportmarknaderna f\u00f6re aktiviteten, eftersom du vet exakt vad din insats kommer att kosta. Konsten \u00e4r att g\u00f6ra intressanta samarbetspartners\/ink\u00f6pare uppm\u00e4rksamma p\u00e5 din n\u00e4rvaro.<br \/>L\u00e5t oss tillsammans utv\u00e4rdera dina behov.<\/p>\n<p>[\/et_pb_text][\/et_pb_column][et_pb_column type=&#8221;1_2&#8243; _builder_version=&#8221;4.25.1&#8243; _module_preset=&#8221;default&#8221; global_colors_info=&#8221;{}&#8221;][\/et_pb_column][\/et_pb_row][\/et_pb_section]<\/p>\n","protected":false},"excerpt":{"rendered":"<p>Om Strauss &amp; Partnere Hos Strauss &amp; Partnere fokuserar vi p\u00e5 internationella branschm\u00e4ssor som utg\u00e5ngspunkt f\u00f6r att ditt f\u00f6retag ska expandera. Vi representerar en portf\u00f6lj p\u00e5 m\u00e5nga av v\u00e4rldens ledande internationella branschm\u00e4ssor och k\u00e4nner till de flesta av v\u00e4rldens 59 m\u00e4ssorganisationer. Det ger oss aktuell erfarenhet som vi kan oms\u00e4tta f\u00f6r dig p\u00e5 en branschm\u00e4ssa [&hellip;]<\/p>\n","protected":false},"author":5,"featured_media":0,"parent":0,"menu_order":0,"comment_status":"closed","ping_status":"closed","template":"","meta":{"_et_pb_use_builder":"on","_et_pb_old_content":"","_et_gb_content_width":"","footnotes":""},"class_list":["post-1877","page","type-page","status-publish","hentry"],"yoast_head":"<!-- This site is optimized with the Yoast SEO plugin v27.4 - https:\/\/yoast.com\/product\/yoast-seo-wordpress\/ -->\n<title>Om Strauss &amp; Partnere - Strausspartner<\/title>\n<meta name=\"robots\" content=\"index, follow, max-snippet:-1, max-image-preview:large, max-video-preview:-1\" \/>\n<link rel=\"canonical\" href=\"https:\/\/strausspartner.com\/sv\/om-strauss-partnere\/\" \/>\n<meta property=\"og:locale\" content=\"sv_SE\" \/>\n<meta property=\"og:type\" content=\"article\" \/>\n<meta property=\"og:title\" content=\"Om Strauss &amp; Partnere - Strausspartner\" \/>\n<meta property=\"og:description\" content=\"Om Strauss &amp; Partnere Hos Strauss &amp; Partnere fokuserar vi p\u00e5 internationella branschm\u00e4ssor som utg\u00e5ngspunkt f\u00f6r att ditt f\u00f6retag ska expandera. Vi representerar en portf\u00f6lj p\u00e5 m\u00e5nga av v\u00e4rldens ledande internationella branschm\u00e4ssor och k\u00e4nner till de flesta av v\u00e4rldens 59 m\u00e4ssorganisationer. Det ger oss aktuell erfarenhet som vi kan oms\u00e4tta f\u00f6r dig p\u00e5 en branschm\u00e4ssa [&hellip;]\" \/>\n<meta property=\"og:url\" content=\"https:\/\/strausspartner.com\/sv\/om-strauss-partnere\/\" \/>\n<meta property=\"og:site_name\" content=\"Strausspartner\" \/>\n<meta property=\"article:modified_time\" content=\"2024-06-08T06:03:18+00:00\" \/>\n<meta name=\"twitter:card\" content=\"summary_large_image\" \/>\n<meta name=\"twitter:label1\" content=\"Ber\u00e4knad l\u00e4stid\" \/>\n\t<meta name=\"twitter:data1\" content=\"1 minut\" \/>\n<script type=\"application\/ld+json\" class=\"yoast-schema-graph\">{\"@context\":\"https:\\\/\\\/schema.org\",\"@graph\":[{\"@type\":\"WebPage\",\"@id\":\"https:\\\/\\\/strausspartner.com\\\/sv\\\/om-strauss-partnere\\\/\",\"url\":\"https:\\\/\\\/strausspartner.com\\\/sv\\\/om-strauss-partnere\\\/\",\"name\":\"Om Strauss &amp; Partnere - Strausspartner\",\"isPartOf\":{\"@id\":\"https:\\\/\\\/strausspartner.com\\\/sv\\\/#website\"},\"datePublished\":\"2024-06-08T05:54:39+00:00\",\"dateModified\":\"2024-06-08T06:03:18+00:00\",\"breadcrumb\":{\"@id\":\"https:\\\/\\\/strausspartner.com\\\/sv\\\/om-strauss-partnere\\\/#breadcrumb\"},\"inLanguage\":\"sv-SE\",\"potentialAction\":[{\"@type\":\"ReadAction\",\"target\":[\"https:\\\/\\\/strausspartner.com\\\/sv\\\/om-strauss-partnere\\\/\"]}]},{\"@type\":\"BreadcrumbList\",\"@id\":\"https:\\\/\\\/strausspartner.com\\\/sv\\\/om-strauss-partnere\\\/#breadcrumb\",\"itemListElement\":[{\"@type\":\"ListItem\",\"position\":1,\"name\":\"Home\",\"item\":\"https:\\\/\\\/strausspartner.com\\\/sv\\\/\"},{\"@type\":\"ListItem\",\"position\":2,\"name\":\"Om Strauss &amp; Partnere\"}]},{\"@type\":\"WebSite\",\"@id\":\"https:\\\/\\\/strausspartner.com\\\/sv\\\/#website\",\"url\":\"https:\\\/\\\/strausspartner.com\\\/sv\\\/\",\"name\":\"Strausspartner\",\"description\":\"\",\"potentialAction\":[{\"@type\":\"SearchAction\",\"target\":{\"@type\":\"EntryPoint\",\"urlTemplate\":\"https:\\\/\\\/strausspartner.com\\\/sv\\\/?s={search_term_string}\"},\"query-input\":{\"@type\":\"PropertyValueSpecification\",\"valueRequired\":true,\"valueName\":\"search_term_string\"}}],\"inLanguage\":\"sv-SE\"}]}<\/script>\n<!-- \/ Yoast SEO plugin. -->","yoast_head_json":{"title":"Om Strauss &amp; Partnere - Strausspartner","robots":{"index":"index","follow":"follow","max-snippet":"max-snippet:-1","max-image-preview":"max-image-preview:large","max-video-preview":"max-video-preview:-1"},"canonical":"https:\/\/strausspartner.com\/sv\/om-strauss-partnere\/","og_locale":"sv_SE","og_type":"article","og_title":"Om Strauss &amp; Partnere - Strausspartner","og_description":"Om Strauss &amp; Partnere Hos Strauss &amp; Partnere fokuserar vi p\u00e5 internationella branschm\u00e4ssor som utg\u00e5ngspunkt f\u00f6r att ditt f\u00f6retag ska expandera. Vi representerar en portf\u00f6lj p\u00e5 m\u00e5nga av v\u00e4rldens ledande internationella branschm\u00e4ssor och k\u00e4nner till de flesta av v\u00e4rldens 59 m\u00e4ssorganisationer. Det ger oss aktuell erfarenhet som vi kan oms\u00e4tta f\u00f6r dig p\u00e5 en branschm\u00e4ssa [&hellip;]","og_url":"https:\/\/strausspartner.com\/sv\/om-strauss-partnere\/","og_site_name":"Strausspartner","article_modified_time":"2024-06-08T06:03:18+00:00","twitter_card":"summary_large_image","twitter_misc":{"Ber\u00e4knad l\u00e4stid":"1 minut"},"schema":{"@context":"https:\/\/schema.org","@graph":[{"@type":"WebPage","@id":"https:\/\/strausspartner.com\/sv\/om-strauss-partnere\/","url":"https:\/\/strausspartner.com\/sv\/om-strauss-partnere\/","name":"Om Strauss &amp; Partnere - Strausspartner","isPartOf":{"@id":"https:\/\/strausspartner.com\/sv\/#website"},"datePublished":"2024-06-08T05:54:39+00:00","dateModified":"2024-06-08T06:03:18+00:00","breadcrumb":{"@id":"https:\/\/strausspartner.com\/sv\/om-strauss-partnere\/#breadcrumb"},"inLanguage":"sv-SE","potentialAction":[{"@type":"ReadAction","target":["https:\/\/strausspartner.com\/sv\/om-strauss-partnere\/"]}]},{"@type":"BreadcrumbList","@id":"https:\/\/strausspartner.com\/sv\/om-strauss-partnere\/#breadcrumb","itemListElement":[{"@type":"ListItem","position":1,"name":"Home","item":"https:\/\/strausspartner.com\/sv\/"},{"@type":"ListItem","position":2,"name":"Om Strauss &amp; Partnere"}]},{"@type":"WebSite","@id":"https:\/\/strausspartner.com\/sv\/#website","url":"https:\/\/strausspartner.com\/sv\/","name":"Strausspartner","description":"","potentialAction":[{"@type":"SearchAction","target":{"@type":"EntryPoint","urlTemplate":"https:\/\/strausspartner.com\/sv\/?s={search_term_string}"},"query-input":{"@type":"PropertyValueSpecification","valueRequired":true,"valueName":"search_term_string"}}],"inLanguage":"sv-SE"}]}},"_links":{"self":[{"href":"https:\/\/strausspartner.com\/sv\/wp-json\/wp\/v2\/pages\/1877","targetHints":{"allow":["GET"]}}],"collection":[{"href":"https:\/\/strausspartner.com\/sv\/wp-json\/wp\/v2\/pages"}],"about":[{"href":"https:\/\/strausspartner.com\/sv\/wp-json\/wp\/v2\/types\/page"}],"author":[{"embeddable":true,"href":"https:\/\/strausspartner.com\/sv\/wp-json\/wp\/v2\/users\/5"}],"replies":[{"embeddable":true,"href":"https:\/\/strausspartner.com\/sv\/wp-json\/wp\/v2\/comments?post=1877"}],"version-history":[{"count":2,"href":"https:\/\/strausspartner.com\/sv\/wp-json\/wp\/v2\/pages\/1877\/revisions"}],"predecessor-version":[{"id":1879,"href":"https:\/\/strausspartner.com\/sv\/wp-json\/wp\/v2\/pages\/1877\/revisions\/1879"}],"wp:attachment":[{"href":"https:\/\/strausspartner.com\/sv\/wp-json\/wp\/v2\/media?parent=1877"}],"curies":[{"name":"wp","href":"https:\/\/api.w.org\/{rel}","templated":true}]}}